{"id":6,"date":"2021-11-12T08:23:58","date_gmt":"2021-11-12T11:23:58","guid":{"rendered":"http:\/\/mrcla.com.br\/?page_id=6"},"modified":"2024-08-27T12:03:16","modified_gmt":"2024-08-27T15:03:16","slug":"home","status":"publish","type":"page","link":"https:\/\/mrcla.com.br\/en\/","title":{"rendered":"HOME"},"content":{"rendered":"<h2>ABOUT <strong>US<\/strong><\/h2>\n<p><span style=\"font-weight: 400;\">Mitsui Rail Capital Participa\u00e7\u00f5es Ltda est\u00e1 h\u00e1 20 anos no mercado, trazendo solu\u00e7\u00f5es inovadoras e integradas para mobilidade ferrovi\u00e1ria e rodovi\u00e1ria de cargas em diversos setores.\u00a0<\/span><\/p>\n<p><span style=\"font-weight: 400;\">As one of the leading rental companies for wagons, locomotives, trucks and terminals in Brazil, we offer solutions that meet the needs and demands of our customers.\u00a0<\/span><\/p>\n<p><span style=\"font-weight: 400;\">MRCLA values the long-term relationship with our clients and is recognized for high level customer service, safety, quality and reliability.<\/span><\/p>","protected":false},"excerpt":{"rendered":"<p>QUEM SOMOS Mitsui Rail Capital Participa\u00e7\u00f5es Ltda est\u00e1 h\u00e1 20 anos no mercado, trazendo solu\u00e7\u00f5es inovadoras e integradas para mobilidade ferrovi\u00e1ria e&#8230;<\/p>","protected":false},"author":1,"featured_media":89,"parent":0,"menu_order":0,"comment_status":"closed","ping_status":"closed","template":"","meta":{"_acf_changed":false,"footnotes":""},"class_list":["post-6","page","type-page","status-publish","has-post-thumbnail","hentry"],"acf":[],"yoast_head":"<!-- This site is optimized with the Yoast SEO plugin v27.3 - https:\/\/yoast.com\/product\/yoast-seo-wordpress\/ -->\n<title>Home - MRCLA<\/title>\n<meta name=\"robots\" content=\"index, follow, max-snippet:-1, max-image-preview:large, max-video-preview:-1\" \/>\n<link rel=\"canonical\" href=\"http:\/\/mrcla.com.br\/en\/\" \/>\n<meta property=\"og:locale\" content=\"en_US\" \/>\n<meta property=\"og:type\" content=\"article\" \/>\n<meta property=\"og:title\" content=\"Home - MRCLA\" \/>\n<meta property=\"og:description\" content=\"QUEM SOMOS Mitsui Rail Capital Participa\u00e7\u00f5es Ltda est\u00e1 h\u00e1 20 anos no mercado, trazendo solu\u00e7\u00f5es inovadoras e integradas para mobilidade ferrovi\u00e1ria e...\" \/>\n<meta property=\"og:url\" content=\"http:\/\/mrcla.com.br\/en\/\" \/>\n<meta property=\"og:site_name\" content=\"MRCLA\" \/>\n<meta property=\"article:modified_time\" content=\"2024-08-27T15:03:16+00:00\" \/>\n<meta property=\"og:image\" content=\"http:\/\/mrcla.com.br\/wp-content\/uploads\/2021\/12\/quem-somos.jpg\" \/>\n\t<meta property=\"og:image:width\" content=\"1366\" \/>\n\t<meta property=\"og:image:height\" content=\"475\" \/>\n\t<meta property=\"og:image:type\" content=\"image\/jpeg\" \/>\n<meta name=\"twitter:card\" content=\"summary_large_image\" \/>\n<meta name=\"twitter:label1\" content=\"Est. reading time\" \/>\n\t<meta name=\"twitter:data1\" content=\"1 minute\" \/>\n<script type=\"application\/ld+json\" class=\"yoast-schema-graph\">{\"@context\":\"https:\\\/\\\/schema.org\",\"@graph\":[{\"@type\":\"WebPage\",\"@id\":\"http:\\\/\\\/mrcla.com.br\\\/\",\"url\":\"http:\\\/\\\/mrcla.com.br\\\/\",\"name\":\"Home - MRCLA\",\"isPartOf\":{\"@id\":\"http:\\\/\\\/mrcla.com.br\\\/#website\"},\"primaryImageOfPage\":{\"@id\":\"http:\\\/\\\/mrcla.com.br\\\/#primaryimage\"},\"image\":{\"@id\":\"http:\\\/\\\/mrcla.com.br\\\/#primaryimage\"},\"thumbnailUrl\":\"https:\\\/\\\/mrcla.com.br\\\/wp-content\\\/uploads\\\/2021\\\/12\\\/quem-somos.jpg\",\"datePublished\":\"2021-11-12T11:23:58+00:00\",\"dateModified\":\"2024-08-27T15:03:16+00:00\",\"inLanguage\":\"en-US\",\"potentialAction\":[{\"@type\":\"ReadAction\",\"target\":[\"http:\\\/\\\/mrcla.com.br\\\/\"]}]},{\"@type\":\"ImageObject\",\"inLanguage\":\"en-US\",\"@id\":\"http:\\\/\\\/mrcla.com.br\\\/#primaryimage\",\"url\":\"https:\\\/\\\/mrcla.com.br\\\/wp-content\\\/uploads\\\/2021\\\/12\\\/quem-somos.jpg\",\"contentUrl\":\"https:\\\/\\\/mrcla.com.br\\\/wp-content\\\/uploads\\\/2021\\\/12\\\/quem-somos.jpg\",\"width\":1366,\"height\":475},{\"@type\":\"WebSite\",\"@id\":\"http:\\\/\\\/mrcla.com.br\\\/#website\",\"url\":\"http:\\\/\\\/mrcla.com.br\\\/\",\"name\":\"MRCLA\",\"description\":\"MITSUI Rail Capital\",\"potentialAction\":[{\"@type\":\"SearchAction\",\"target\":{\"@type\":\"EntryPoint\",\"urlTemplate\":\"http:\\\/\\\/mrcla.com.br\\\/?s={search_term_string}\"},\"query-input\":{\"@type\":\"PropertyValueSpecification\",\"valueRequired\":true,\"valueName\":\"search_term_string\"}}],\"inLanguage\":\"en-US\"}]}<\/script>\n<!-- \/ Yoast SEO plugin. -->","yoast_head_json":{"title":"Home - MRCLA","robots":{"index":"index","follow":"follow","max-snippet":"max-snippet:-1","max-image-preview":"max-image-preview:large","max-video-preview":"max-video-preview:-1"},"canonical":"http:\/\/mrcla.com.br\/en\/","og_locale":"en_US","og_type":"article","og_title":"Home - MRCLA","og_description":"QUEM SOMOS Mitsui Rail Capital Participa\u00e7\u00f5es Ltda est\u00e1 h\u00e1 20 anos no mercado, trazendo solu\u00e7\u00f5es inovadoras e integradas para mobilidade ferrovi\u00e1ria e...","og_url":"http:\/\/mrcla.com.br\/en\/","og_site_name":"MRCLA","article_modified_time":"2024-08-27T15:03:16+00:00","og_image":[{"width":1366,"height":475,"url":"http:\/\/mrcla.com.br\/wp-content\/uploads\/2021\/12\/quem-somos.jpg","type":"image\/jpeg"}],"twitter_card":"summary_large_image","twitter_misc":{"Est. reading time":"1 minute"},"schema":{"@context":"https:\/\/schema.org","@graph":[{"@type":"WebPage","@id":"http:\/\/mrcla.com.br\/","url":"http:\/\/mrcla.com.br\/","name":"Home - MRCLA","isPartOf":{"@id":"http:\/\/mrcla.com.br\/#website"},"primaryImageOfPage":{"@id":"http:\/\/mrcla.com.br\/#primaryimage"},"image":{"@id":"http:\/\/mrcla.com.br\/#primaryimage"},"thumbnailUrl":"https:\/\/mrcla.com.br\/wp-content\/uploads\/2021\/12\/quem-somos.jpg","datePublished":"2021-11-12T11:23:58+00:00","dateModified":"2024-08-27T15:03:16+00:00","inLanguage":"en-US","potentialAction":[{"@type":"ReadAction","target":["http:\/\/mrcla.com.br\/"]}]},{"@type":"ImageObject","inLanguage":"en-US","@id":"http:\/\/mrcla.com.br\/#primaryimage","url":"https:\/\/mrcla.com.br\/wp-content\/uploads\/2021\/12\/quem-somos.jpg","contentUrl":"https:\/\/mrcla.com.br\/wp-content\/uploads\/2021\/12\/quem-somos.jpg","width":1366,"height":475},{"@type":"WebSite","@id":"http:\/\/mrcla.com.br\/#website","url":"http:\/\/mrcla.com.br\/","name":"MRCLA","description":"MITSUI Rail Capital","potentialAction":[{"@type":"SearchAction","target":{"@type":"EntryPoint","urlTemplate":"http:\/\/mrcla.com.br\/?s={search_term_string}"},"query-input":{"@type":"PropertyValueSpecification","valueRequired":true,"valueName":"search_term_string"}}],"inLanguage":"en-US"}]}},"_links":{"self":[{"href":"https:\/\/mrcla.com.br\/en\/wp-json\/wp\/v2\/pages\/6","targetHints":{"allow":["GET"]}}],"collection":[{"href":"https:\/\/mrcla.com.br\/en\/wp-json\/wp\/v2\/pages"}],"about":[{"href":"https:\/\/mrcla.com.br\/en\/wp-json\/wp\/v2\/types\/page"}],"author":[{"embeddable":true,"href":"https:\/\/mrcla.com.br\/en\/wp-json\/wp\/v2\/users\/1"}],"replies":[{"embeddable":true,"href":"https:\/\/mrcla.com.br\/en\/wp-json\/wp\/v2\/comments?post=6"}],"version-history":[{"count":24,"href":"https:\/\/mrcla.com.br\/en\/wp-json\/wp\/v2\/pages\/6\/revisions"}],"predecessor-version":[{"id":948,"href":"https:\/\/mrcla.com.br\/en\/wp-json\/wp\/v2\/pages\/6\/revisions\/948"}],"wp:featuredmedia":[{"embeddable":true,"href":"https:\/\/mrcla.com.br\/en\/wp-json\/wp\/v2\/media\/89"}],"wp:attachment":[{"href":"https:\/\/mrcla.com.br\/en\/wp-json\/wp\/v2\/media?parent=6"}],"curies":[{"name":"wp","href":"https:\/\/api.w.org\/{rel}","templated":true}]}}