{"id":17,"date":"2021-11-12T08:41:16","date_gmt":"2021-11-12T11:41:16","guid":{"rendered":"http:\/\/mrcla.com.br\/?page_id=17"},"modified":"2021-12-03T18:22:23","modified_gmt":"2021-12-03T21:22:23","slug":"fale-conosco","status":"publish","type":"page","link":"https:\/\/mrcla.com.br\/en\/fale-conosco\/","title":{"rendered":"CONTACT"},"content":{"rendered":"<p>MRCLA is a benchmark company in rental service for railway and road assets with trucks, trailers, wagons, locomotives and cargo terminals. To find out everything we can do for your business, reach out to one of our experts!<\/p>","protected":false},"excerpt":{"rendered":"<p>A MRCLA \u00e9 refer\u00eancia em log\u00edstica de ativos ferrovi\u00e1rios, loca\u00e7\u00e3o de vag\u00f5es, locomotivas e terminais de cargas. Para saber tudo que podemos&#8230;<\/p>","protected":false},"author":1,"featured_media":85,"parent":0,"menu_order":0,"comment_status":"closed","ping_status":"closed","template":"","meta":{"_acf_changed":false,"footnotes":""},"class_list":["post-17","page","type-page","status-publish","has-post-thumbnail","hentry"],"acf":[],"yoast_head":"<!-- This site is optimized with the Yoast SEO plugin v27.3 - https:\/\/yoast.com\/product\/yoast-seo-wordpress\/ -->\n<title>Fale conosco - MRCLA<\/title>\n<meta name=\"robots\" content=\"index, follow, max-snippet:-1, max-image-preview:large, max-video-preview:-1\" \/>\n<link rel=\"canonical\" href=\"http:\/\/mrcla.com.br\/en\/fale-conosco\/\" \/>\n<meta property=\"og:locale\" content=\"en_US\" \/>\n<meta property=\"og:type\" content=\"article\" \/>\n<meta property=\"og:title\" content=\"Fale conosco - MRCLA\" \/>\n<meta property=\"og:description\" content=\"A MRCLA \u00e9 refer\u00eancia em log\u00edstica de ativos ferrovi\u00e1rios, loca\u00e7\u00e3o de vag\u00f5es, locomotivas e terminais de cargas. Para saber tudo que podemos...\" \/>\n<meta property=\"og:url\" content=\"http:\/\/mrcla.com.br\/en\/fale-conosco\/\" \/>\n<meta property=\"og:site_name\" content=\"MRCLA\" \/>\n<meta property=\"article:modified_time\" content=\"2021-12-03T21:22:23+00:00\" \/>\n<meta property=\"og:image\" content=\"http:\/\/mrcla.com.br\/wp-content\/uploads\/2021\/12\/fale-conosco.jpg\" \/>\n\t<meta property=\"og:image:width\" content=\"1366\" \/>\n\t<meta property=\"og:image:height\" content=\"475\" \/>\n\t<meta property=\"og:image:type\" content=\"image\/jpeg\" \/>\n<meta name=\"twitter:card\" content=\"summary_large_image\" \/>\n<script type=\"application\/ld+json\" class=\"yoast-schema-graph\">{\"@context\":\"https:\\\/\\\/schema.org\",\"@graph\":[{\"@type\":\"WebPage\",\"@id\":\"http:\\\/\\\/mrcla.com.br\\\/fale-conosco\\\/\",\"url\":\"http:\\\/\\\/mrcla.com.br\\\/fale-conosco\\\/\",\"name\":\"Fale conosco - MRCLA\",\"isPartOf\":{\"@id\":\"http:\\\/\\\/mrcla.com.br\\\/#website\"},\"primaryImageOfPage\":{\"@id\":\"http:\\\/\\\/mrcla.com.br\\\/fale-conosco\\\/#primaryimage\"},\"image\":{\"@id\":\"http:\\\/\\\/mrcla.com.br\\\/fale-conosco\\\/#primaryimage\"},\"thumbnailUrl\":\"https:\\\/\\\/mrcla.com.br\\\/wp-content\\\/uploads\\\/2021\\\/12\\\/fale-conosco.jpg\",\"datePublished\":\"2021-11-12T11:41:16+00:00\",\"dateModified\":\"2021-12-03T21:22:23+00:00\",\"inLanguage\":\"en-US\",\"potentialAction\":[{\"@type\":\"ReadAction\",\"target\":[\"http:\\\/\\\/mrcla.com.br\\\/fale-conosco\\\/\"]}]},{\"@type\":\"ImageObject\",\"inLanguage\":\"en-US\",\"@id\":\"http:\\\/\\\/mrcla.com.br\\\/fale-conosco\\\/#primaryimage\",\"url\":\"https:\\\/\\\/mrcla.com.br\\\/wp-content\\\/uploads\\\/2021\\\/12\\\/fale-conosco.jpg\",\"contentUrl\":\"https:\\\/\\\/mrcla.com.br\\\/wp-content\\\/uploads\\\/2021\\\/12\\\/fale-conosco.jpg\",\"width\":1366,\"height\":475},{\"@type\":\"WebSite\",\"@id\":\"http:\\\/\\\/mrcla.com.br\\\/#website\",\"url\":\"http:\\\/\\\/mrcla.com.br\\\/\",\"name\":\"MRCLA\",\"description\":\"MITSUI Rail Capital\",\"potentialAction\":[{\"@type\":\"SearchAction\",\"target\":{\"@type\":\"EntryPoint\",\"urlTemplate\":\"http:\\\/\\\/mrcla.com.br\\\/?s={search_term_string}\"},\"query-input\":{\"@type\":\"PropertyValueSpecification\",\"valueRequired\":true,\"valueName\":\"search_term_string\"}}],\"inLanguage\":\"en-US\"}]}<\/script>\n<!-- \/ Yoast SEO plugin. -->","yoast_head_json":{"title":"Fale conosco - MRCLA","robots":{"index":"index","follow":"follow","max-snippet":"max-snippet:-1","max-image-preview":"max-image-preview:large","max-video-preview":"max-video-preview:-1"},"canonical":"http:\/\/mrcla.com.br\/en\/fale-conosco\/","og_locale":"en_US","og_type":"article","og_title":"Fale conosco - MRCLA","og_description":"A MRCLA \u00e9 refer\u00eancia em log\u00edstica de ativos ferrovi\u00e1rios, loca\u00e7\u00e3o de vag\u00f5es, locomotivas e terminais de cargas. Para saber tudo que podemos...","og_url":"http:\/\/mrcla.com.br\/en\/fale-conosco\/","og_site_name":"MRCLA","article_modified_time":"2021-12-03T21:22:23+00:00","og_image":[{"width":1366,"height":475,"url":"http:\/\/mrcla.com.br\/wp-content\/uploads\/2021\/12\/fale-conosco.jpg","type":"image\/jpeg"}],"twitter_card":"summary_large_image","schema":{"@context":"https:\/\/schema.org","@graph":[{"@type":"WebPage","@id":"http:\/\/mrcla.com.br\/fale-conosco\/","url":"http:\/\/mrcla.com.br\/fale-conosco\/","name":"Fale conosco - MRCLA","isPartOf":{"@id":"http:\/\/mrcla.com.br\/#website"},"primaryImageOfPage":{"@id":"http:\/\/mrcla.com.br\/fale-conosco\/#primaryimage"},"image":{"@id":"http:\/\/mrcla.com.br\/fale-conosco\/#primaryimage"},"thumbnailUrl":"https:\/\/mrcla.com.br\/wp-content\/uploads\/2021\/12\/fale-conosco.jpg","datePublished":"2021-11-12T11:41:16+00:00","dateModified":"2021-12-03T21:22:23+00:00","inLanguage":"en-US","potentialAction":[{"@type":"ReadAction","target":["http:\/\/mrcla.com.br\/fale-conosco\/"]}]},{"@type":"ImageObject","inLanguage":"en-US","@id":"http:\/\/mrcla.com.br\/fale-conosco\/#primaryimage","url":"https:\/\/mrcla.com.br\/wp-content\/uploads\/2021\/12\/fale-conosco.jpg","contentUrl":"https:\/\/mrcla.com.br\/wp-content\/uploads\/2021\/12\/fale-conosco.jpg","width":1366,"height":475},{"@type":"WebSite","@id":"http:\/\/mrcla.com.br\/#website","url":"http:\/\/mrcla.com.br\/","name":"MRCLA","description":"MITSUI Rail Capital","potentialAction":[{"@type":"SearchAction","target":{"@type":"EntryPoint","urlTemplate":"http:\/\/mrcla.com.br\/?s={search_term_string}"},"query-input":{"@type":"PropertyValueSpecification","valueRequired":true,"valueName":"search_term_string"}}],"inLanguage":"en-US"}]}},"_links":{"self":[{"href":"https:\/\/mrcla.com.br\/en\/wp-json\/wp\/v2\/pages\/17","targetHints":{"allow":["GET"]}}],"collection":[{"href":"https:\/\/mrcla.com.br\/en\/wp-json\/wp\/v2\/pages"}],"about":[{"href":"https:\/\/mrcla.com.br\/en\/wp-json\/wp\/v2\/types\/page"}],"author":[{"embeddable":true,"href":"https:\/\/mrcla.com.br\/en\/wp-json\/wp\/v2\/users\/1"}],"replies":[{"embeddable":true,"href":"https:\/\/mrcla.com.br\/en\/wp-json\/wp\/v2\/comments?post=17"}],"version-history":[{"count":2,"href":"https:\/\/mrcla.com.br\/en\/wp-json\/wp\/v2\/pages\/17\/revisions"}],"predecessor-version":[{"id":19,"href":"https:\/\/mrcla.com.br\/en\/wp-json\/wp\/v2\/pages\/17\/revisions\/19"}],"wp:featuredmedia":[{"embeddable":true,"href":"https:\/\/mrcla.com.br\/en\/wp-json\/wp\/v2\/media\/85"}],"wp:attachment":[{"href":"https:\/\/mrcla.com.br\/en\/wp-json\/wp\/v2\/media?parent=17"}],"curies":[{"name":"wp","href":"https:\/\/api.w.org\/{rel}","templated":true}]}}