{"id":13,"date":"2021-11-12T08:39:54","date_gmt":"2021-11-12T11:39:54","guid":{"rendered":"http:\/\/mrcla.com.br\/?page_id=13"},"modified":"2024-05-08T06:49:10","modified_gmt":"2024-05-08T09:49:10","slug":"segmentos-e-setores","status":"publish","type":"page","link":"https:\/\/mrcla.com.br\/en\/segmentos-e-setores\/","title":{"rendered":"SEGMENTS AND INDUSTRIES"},"content":{"rendered":"<p>Sua empresa poder\u00e1 aumentar a quantidade de ativos log\u00edsticos dispon\u00edveis por meio da loca\u00e7\u00e3o de vag\u00f5es, locomotivas, caminh\u00f5es e empilhadeiras, assim \u00e9 poss\u00edvel garantir maior capacidade no transporte de cargas e alavancar seu neg\u00f3cio.<\/p>\n<p><strong>Confira os segmentos e setores que atuamos e contate um dos nossos especialistas para obter vantagem competitiva na sua empresa com a MRCLA!<\/strong><\/p>","protected":false},"excerpt":{"rendered":"<p>Sua empresa poder\u00e1 aumentar a quantidade de ativos log\u00edsticos dispon\u00edveis por meio da loca\u00e7\u00e3o de vag\u00f5es, locomotivas, caminh\u00f5es e empilhadeiras, assim \u00e9&#8230;<\/p>","protected":false},"author":1,"featured_media":91,"parent":0,"menu_order":0,"comment_status":"closed","ping_status":"closed","template":"","meta":{"_acf_changed":false,"footnotes":""},"class_list":["post-13","page","type-page","status-publish","has-post-thumbnail","hentry"],"acf":[],"yoast_head":"<!-- This site is optimized with the Yoast SEO plugin v27.3 - https:\/\/yoast.com\/product\/yoast-seo-wordpress\/ -->\n<title>Segmentos e Setores - MRCLA<\/title>\n<meta name=\"robots\" content=\"index, follow, max-snippet:-1, max-image-preview:large, max-video-preview:-1\" \/>\n<link rel=\"canonical\" href=\"http:\/\/mrcla.com.br\/en\/segmentos-e-setores\/\" \/>\n<meta property=\"og:locale\" content=\"en_US\" \/>\n<meta property=\"og:type\" content=\"article\" \/>\n<meta property=\"og:title\" content=\"Segmentos e Setores - MRCLA\" \/>\n<meta property=\"og:description\" content=\"Sua empresa poder\u00e1 aumentar a quantidade de ativos log\u00edsticos dispon\u00edveis por meio da loca\u00e7\u00e3o de vag\u00f5es, locomotivas, caminh\u00f5es e empilhadeiras, assim \u00e9...\" \/>\n<meta property=\"og:url\" content=\"http:\/\/mrcla.com.br\/en\/segmentos-e-setores\/\" \/>\n<meta property=\"og:site_name\" content=\"MRCLA\" \/>\n<meta property=\"article:modified_time\" content=\"2024-05-08T09:49:10+00:00\" \/>\n<meta property=\"og:image\" content=\"http:\/\/mrcla.com.br\/wp-content\/uploads\/2021\/12\/segmentos-e-setores-1.jpg\" \/>\n\t<meta property=\"og:image:width\" content=\"1366\" \/>\n\t<meta property=\"og:image:height\" content=\"475\" \/>\n\t<meta property=\"og:image:type\" content=\"image\/jpeg\" \/>\n<meta name=\"twitter:card\" content=\"summary_large_image\" \/>\n<script type=\"application\/ld+json\" class=\"yoast-schema-graph\">{\"@context\":\"https:\\\/\\\/schema.org\",\"@graph\":[{\"@type\":\"WebPage\",\"@id\":\"http:\\\/\\\/mrcla.com.br\\\/segmentos-e-setores\\\/\",\"url\":\"http:\\\/\\\/mrcla.com.br\\\/segmentos-e-setores\\\/\",\"name\":\"Segmentos e Setores - MRCLA\",\"isPartOf\":{\"@id\":\"http:\\\/\\\/mrcla.com.br\\\/#website\"},\"primaryImageOfPage\":{\"@id\":\"http:\\\/\\\/mrcla.com.br\\\/segmentos-e-setores\\\/#primaryimage\"},\"image\":{\"@id\":\"http:\\\/\\\/mrcla.com.br\\\/segmentos-e-setores\\\/#primaryimage\"},\"thumbnailUrl\":\"https:\\\/\\\/mrcla.com.br\\\/wp-content\\\/uploads\\\/2021\\\/12\\\/segmentos-e-setores-1.jpg\",\"datePublished\":\"2021-11-12T11:39:54+00:00\",\"dateModified\":\"2024-05-08T09:49:10+00:00\",\"inLanguage\":\"en-US\",\"potentialAction\":[{\"@type\":\"ReadAction\",\"target\":[\"http:\\\/\\\/mrcla.com.br\\\/segmentos-e-setores\\\/\"]}]},{\"@type\":\"ImageObject\",\"inLanguage\":\"en-US\",\"@id\":\"http:\\\/\\\/mrcla.com.br\\\/segmentos-e-setores\\\/#primaryimage\",\"url\":\"https:\\\/\\\/mrcla.com.br\\\/wp-content\\\/uploads\\\/2021\\\/12\\\/segmentos-e-setores-1.jpg\",\"contentUrl\":\"https:\\\/\\\/mrcla.com.br\\\/wp-content\\\/uploads\\\/2021\\\/12\\\/segmentos-e-setores-1.jpg\",\"width\":1366,\"height\":475},{\"@type\":\"WebSite\",\"@id\":\"http:\\\/\\\/mrcla.com.br\\\/#website\",\"url\":\"http:\\\/\\\/mrcla.com.br\\\/\",\"name\":\"MRCLA\",\"description\":\"MITSUI Rail Capital\",\"potentialAction\":[{\"@type\":\"SearchAction\",\"target\":{\"@type\":\"EntryPoint\",\"urlTemplate\":\"http:\\\/\\\/mrcla.com.br\\\/?s={search_term_string}\"},\"query-input\":{\"@type\":\"PropertyValueSpecification\",\"valueRequired\":true,\"valueName\":\"search_term_string\"}}],\"inLanguage\":\"en-US\"}]}<\/script>\n<!-- \/ Yoast SEO plugin. -->","yoast_head_json":{"title":"Segmentos e Setores - MRCLA","robots":{"index":"index","follow":"follow","max-snippet":"max-snippet:-1","max-image-preview":"max-image-preview:large","max-video-preview":"max-video-preview:-1"},"canonical":"http:\/\/mrcla.com.br\/en\/segmentos-e-setores\/","og_locale":"en_US","og_type":"article","og_title":"Segmentos e Setores - MRCLA","og_description":"Sua empresa poder\u00e1 aumentar a quantidade de ativos log\u00edsticos dispon\u00edveis por meio da loca\u00e7\u00e3o de vag\u00f5es, locomotivas, caminh\u00f5es e empilhadeiras, assim \u00e9...","og_url":"http:\/\/mrcla.com.br\/en\/segmentos-e-setores\/","og_site_name":"MRCLA","article_modified_time":"2024-05-08T09:49:10+00:00","og_image":[{"width":1366,"height":475,"url":"http:\/\/mrcla.com.br\/wp-content\/uploads\/2021\/12\/segmentos-e-setores-1.jpg","type":"image\/jpeg"}],"twitter_card":"summary_large_image","schema":{"@context":"https:\/\/schema.org","@graph":[{"@type":"WebPage","@id":"http:\/\/mrcla.com.br\/segmentos-e-setores\/","url":"http:\/\/mrcla.com.br\/segmentos-e-setores\/","name":"Segmentos e Setores - MRCLA","isPartOf":{"@id":"http:\/\/mrcla.com.br\/#website"},"primaryImageOfPage":{"@id":"http:\/\/mrcla.com.br\/segmentos-e-setores\/#primaryimage"},"image":{"@id":"http:\/\/mrcla.com.br\/segmentos-e-setores\/#primaryimage"},"thumbnailUrl":"https:\/\/mrcla.com.br\/wp-content\/uploads\/2021\/12\/segmentos-e-setores-1.jpg","datePublished":"2021-11-12T11:39:54+00:00","dateModified":"2024-05-08T09:49:10+00:00","inLanguage":"en-US","potentialAction":[{"@type":"ReadAction","target":["http:\/\/mrcla.com.br\/segmentos-e-setores\/"]}]},{"@type":"ImageObject","inLanguage":"en-US","@id":"http:\/\/mrcla.com.br\/segmentos-e-setores\/#primaryimage","url":"https:\/\/mrcla.com.br\/wp-content\/uploads\/2021\/12\/segmentos-e-setores-1.jpg","contentUrl":"https:\/\/mrcla.com.br\/wp-content\/uploads\/2021\/12\/segmentos-e-setores-1.jpg","width":1366,"height":475},{"@type":"WebSite","@id":"http:\/\/mrcla.com.br\/#website","url":"http:\/\/mrcla.com.br\/","name":"MRCLA","description":"MITSUI Rail Capital","potentialAction":[{"@type":"SearchAction","target":{"@type":"EntryPoint","urlTemplate":"http:\/\/mrcla.com.br\/?s={search_term_string}"},"query-input":{"@type":"PropertyValueSpecification","valueRequired":true,"valueName":"search_term_string"}}],"inLanguage":"en-US"}]}},"_links":{"self":[{"href":"https:\/\/mrcla.com.br\/en\/wp-json\/wp\/v2\/pages\/13","targetHints":{"allow":["GET"]}}],"collection":[{"href":"https:\/\/mrcla.com.br\/en\/wp-json\/wp\/v2\/pages"}],"about":[{"href":"https:\/\/mrcla.com.br\/en\/wp-json\/wp\/v2\/types\/page"}],"author":[{"embeddable":true,"href":"https:\/\/mrcla.com.br\/en\/wp-json\/wp\/v2\/users\/1"}],"replies":[{"embeddable":true,"href":"https:\/\/mrcla.com.br\/en\/wp-json\/wp\/v2\/comments?post=13"}],"version-history":[{"count":32,"href":"https:\/\/mrcla.com.br\/en\/wp-json\/wp\/v2\/pages\/13\/revisions"}],"predecessor-version":[{"id":899,"href":"https:\/\/mrcla.com.br\/en\/wp-json\/wp\/v2\/pages\/13\/revisions\/899"}],"wp:featuredmedia":[{"embeddable":true,"href":"https:\/\/mrcla.com.br\/en\/wp-json\/wp\/v2\/media\/91"}],"wp:attachment":[{"href":"https:\/\/mrcla.com.br\/en\/wp-json\/wp\/v2\/media?parent=13"}],"curies":[{"name":"wp","href":"https:\/\/api.w.org\/{rel}","templated":true}]}}