{"id":11,"date":"2021-11-12T08:31:16","date_gmt":"2021-11-12T11:31:16","guid":{"rendered":"http:\/\/mrcla.com.br\/?page_id=11"},"modified":"2025-09-29T08:16:17","modified_gmt":"2025-09-29T11:16:17","slug":"produtos-e-servicos","status":"publish","type":"page","link":"https:\/\/mrcla.com.br\/en\/produtos-e-servicos\/","title":{"rendered":"PRODUCTS AND SERVICES"},"content":{"rendered":"<h2>WHAT WE <strong>DO<\/strong><\/h2>\n<p>Mitsui Rail Capital Latin America (MRCLA) offers integrated and personalized solutions to meet your rail and road logistics mobility needs. We are a reference in asset rental.<\/p>\n<p>Our expertise in rolling stock encompasses the best solutions with the ability to serve more efficiently, safely and reliably in different segments and sectors. Rail and road transport value development in cargo mobility.<\/p>","protected":false},"excerpt":{"rendered":"<p>O QUE FAZEMOS A Mitsui Rail Capital Latin America (MRCLA) oferece solu\u00e7\u00f5es integradas e personalizadas atendendo sua necessidade de mobilidade log\u00edstica ferrovi\u00e1ria&#8230;<\/p>","protected":false},"author":1,"featured_media":846,"parent":0,"menu_order":0,"comment_status":"closed","ping_status":"closed","template":"","meta":{"_acf_changed":false,"footnotes":""},"class_list":["post-11","page","type-page","status-publish","has-post-thumbnail","hentry"],"acf":[],"yoast_head":"<!-- This site is optimized with the Yoast SEO plugin v27.3 - https:\/\/yoast.com\/product\/yoast-seo-wordpress\/ -->\n<title>Produtos e Servi\u00e7os - MRCLA<\/title>\n<meta name=\"robots\" content=\"index, follow, max-snippet:-1, max-image-preview:large, max-video-preview:-1\" \/>\n<link rel=\"canonical\" href=\"http:\/\/mrcla.com.br\/en\/produtos-e-servicos\/\" \/>\n<meta property=\"og:locale\" content=\"en_US\" \/>\n<meta property=\"og:type\" content=\"article\" \/>\n<meta property=\"og:title\" content=\"Produtos e Servi\u00e7os - MRCLA\" \/>\n<meta property=\"og:description\" content=\"O QUE FAZEMOS A Mitsui Rail Capital Latin America (MRCLA) oferece solu\u00e7\u00f5es integradas e personalizadas atendendo sua necessidade de mobilidade log\u00edstica ferrovi\u00e1ria...\" \/>\n<meta property=\"og:url\" content=\"http:\/\/mrcla.com.br\/en\/produtos-e-servicos\/\" \/>\n<meta property=\"og:site_name\" content=\"MRCLA\" \/>\n<meta property=\"article:modified_time\" content=\"2025-09-29T11:16:17+00:00\" \/>\n<meta property=\"og:image\" content=\"http:\/\/mrcla.com.br\/wp-content\/uploads\/2024\/01\/produtoseservicos-banner.png\" \/>\n\t<meta property=\"og:image:width\" content=\"1440\" \/>\n\t<meta property=\"og:image:height\" content=\"670\" \/>\n\t<meta property=\"og:image:type\" content=\"image\/png\" \/>\n<meta name=\"twitter:card\" content=\"summary_large_image\" \/>\n<meta name=\"twitter:label1\" content=\"Est. reading time\" \/>\n\t<meta name=\"twitter:data1\" content=\"1 minute\" \/>\n<script type=\"application\/ld+json\" class=\"yoast-schema-graph\">{\"@context\":\"https:\\\/\\\/schema.org\",\"@graph\":[{\"@type\":\"WebPage\",\"@id\":\"http:\\\/\\\/mrcla.com.br\\\/produtos-e-servicos\\\/\",\"url\":\"http:\\\/\\\/mrcla.com.br\\\/produtos-e-servicos\\\/\",\"name\":\"Produtos e Servi\u00e7os - MRCLA\",\"isPartOf\":{\"@id\":\"http:\\\/\\\/mrcla.com.br\\\/#website\"},\"primaryImageOfPage\":{\"@id\":\"http:\\\/\\\/mrcla.com.br\\\/produtos-e-servicos\\\/#primaryimage\"},\"image\":{\"@id\":\"http:\\\/\\\/mrcla.com.br\\\/produtos-e-servicos\\\/#primaryimage\"},\"thumbnailUrl\":\"https:\\\/\\\/mrcla.com.br\\\/wp-content\\\/uploads\\\/2024\\\/01\\\/produtoseservicos-banner.png\",\"datePublished\":\"2021-11-12T11:31:16+00:00\",\"dateModified\":\"2025-09-29T11:16:17+00:00\",\"inLanguage\":\"en-US\",\"potentialAction\":[{\"@type\":\"ReadAction\",\"target\":[\"http:\\\/\\\/mrcla.com.br\\\/produtos-e-servicos\\\/\"]}]},{\"@type\":\"ImageObject\",\"inLanguage\":\"en-US\",\"@id\":\"http:\\\/\\\/mrcla.com.br\\\/produtos-e-servicos\\\/#primaryimage\",\"url\":\"https:\\\/\\\/mrcla.com.br\\\/wp-content\\\/uploads\\\/2024\\\/01\\\/produtoseservicos-banner.png\",\"contentUrl\":\"https:\\\/\\\/mrcla.com.br\\\/wp-content\\\/uploads\\\/2024\\\/01\\\/produtoseservicos-banner.png\",\"width\":1440,\"height\":670},{\"@type\":\"WebSite\",\"@id\":\"http:\\\/\\\/mrcla.com.br\\\/#website\",\"url\":\"http:\\\/\\\/mrcla.com.br\\\/\",\"name\":\"MRCLA\",\"description\":\"MITSUI Rail Capital\",\"potentialAction\":[{\"@type\":\"SearchAction\",\"target\":{\"@type\":\"EntryPoint\",\"urlTemplate\":\"http:\\\/\\\/mrcla.com.br\\\/?s={search_term_string}\"},\"query-input\":{\"@type\":\"PropertyValueSpecification\",\"valueRequired\":true,\"valueName\":\"search_term_string\"}}],\"inLanguage\":\"en-US\"}]}<\/script>\n<!-- \/ Yoast SEO plugin. -->","yoast_head_json":{"title":"Produtos e Servi\u00e7os - MRCLA","robots":{"index":"index","follow":"follow","max-snippet":"max-snippet:-1","max-image-preview":"max-image-preview:large","max-video-preview":"max-video-preview:-1"},"canonical":"http:\/\/mrcla.com.br\/en\/produtos-e-servicos\/","og_locale":"en_US","og_type":"article","og_title":"Produtos e Servi\u00e7os - MRCLA","og_description":"O QUE FAZEMOS A Mitsui Rail Capital Latin America (MRCLA) oferece solu\u00e7\u00f5es integradas e personalizadas atendendo sua necessidade de mobilidade log\u00edstica ferrovi\u00e1ria...","og_url":"http:\/\/mrcla.com.br\/en\/produtos-e-servicos\/","og_site_name":"MRCLA","article_modified_time":"2025-09-29T11:16:17+00:00","og_image":[{"width":1440,"height":670,"url":"http:\/\/mrcla.com.br\/wp-content\/uploads\/2024\/01\/produtoseservicos-banner.png","type":"image\/png"}],"twitter_card":"summary_large_image","twitter_misc":{"Est. reading time":"1 minute"},"schema":{"@context":"https:\/\/schema.org","@graph":[{"@type":"WebPage","@id":"http:\/\/mrcla.com.br\/produtos-e-servicos\/","url":"http:\/\/mrcla.com.br\/produtos-e-servicos\/","name":"Produtos e Servi\u00e7os - MRCLA","isPartOf":{"@id":"http:\/\/mrcla.com.br\/#website"},"primaryImageOfPage":{"@id":"http:\/\/mrcla.com.br\/produtos-e-servicos\/#primaryimage"},"image":{"@id":"http:\/\/mrcla.com.br\/produtos-e-servicos\/#primaryimage"},"thumbnailUrl":"https:\/\/mrcla.com.br\/wp-content\/uploads\/2024\/01\/produtoseservicos-banner.png","datePublished":"2021-11-12T11:31:16+00:00","dateModified":"2025-09-29T11:16:17+00:00","inLanguage":"en-US","potentialAction":[{"@type":"ReadAction","target":["http:\/\/mrcla.com.br\/produtos-e-servicos\/"]}]},{"@type":"ImageObject","inLanguage":"en-US","@id":"http:\/\/mrcla.com.br\/produtos-e-servicos\/#primaryimage","url":"https:\/\/mrcla.com.br\/wp-content\/uploads\/2024\/01\/produtoseservicos-banner.png","contentUrl":"https:\/\/mrcla.com.br\/wp-content\/uploads\/2024\/01\/produtoseservicos-banner.png","width":1440,"height":670},{"@type":"WebSite","@id":"http:\/\/mrcla.com.br\/#website","url":"http:\/\/mrcla.com.br\/","name":"MRCLA","description":"MITSUI Rail Capital","potentialAction":[{"@type":"SearchAction","target":{"@type":"EntryPoint","urlTemplate":"http:\/\/mrcla.com.br\/?s={search_term_string}"},"query-input":{"@type":"PropertyValueSpecification","valueRequired":true,"valueName":"search_term_string"}}],"inLanguage":"en-US"}]}},"_links":{"self":[{"href":"https:\/\/mrcla.com.br\/en\/wp-json\/wp\/v2\/pages\/11","targetHints":{"allow":["GET"]}}],"collection":[{"href":"https:\/\/mrcla.com.br\/en\/wp-json\/wp\/v2\/pages"}],"about":[{"href":"https:\/\/mrcla.com.br\/en\/wp-json\/wp\/v2\/types\/page"}],"author":[{"embeddable":true,"href":"https:\/\/mrcla.com.br\/en\/wp-json\/wp\/v2\/users\/1"}],"replies":[{"embeddable":true,"href":"https:\/\/mrcla.com.br\/en\/wp-json\/wp\/v2\/comments?post=11"}],"version-history":[{"count":55,"href":"https:\/\/mrcla.com.br\/en\/wp-json\/wp\/v2\/pages\/11\/revisions"}],"predecessor-version":[{"id":1134,"href":"https:\/\/mrcla.com.br\/en\/wp-json\/wp\/v2\/pages\/11\/revisions\/1134"}],"wp:featuredmedia":[{"embeddable":true,"href":"https:\/\/mrcla.com.br\/en\/wp-json\/wp\/v2\/media\/846"}],"wp:attachment":[{"href":"https:\/\/mrcla.com.br\/en\/wp-json\/wp\/v2\/media?parent=11"}],"curies":[{"name":"wp","href":"https:\/\/api.w.org\/{rel}","templated":true}]}}